{"id":4103,"date":"2021-04-02T10:42:53","date_gmt":"2021-04-02T10:42:53","guid":{"rendered":"https:\/\/henrik.qodeinteractive.com\/?page_id=4103"},"modified":"2026-03-11T09:39:29","modified_gmt":"2026-03-11T09:39:29","slug":"contacts","status":"publish","type":"page","link":"https:\/\/sitespecific.it\/?page_id=4103","title":{"rendered":"Contacts"},"content":{"rendered":"\t\t<div data-elementor-type=\"wp-page\" data-elementor-id=\"4103\" class=\"elementor elementor-4103\">\n\t\t\t\t\t\t<section class=\"elementor-section elementor-top-section elementor-element elementor-element-fe93ea9 elementor-section-full_width elementor-section-height-default elementor-section-height-default qodef-elementor-content-no\" data-id=\"fe93ea9\" data-element_type=\"section\" data-e-type=\"section\">\n\t\t\t\t\t\t<div class=\"elementor-container elementor-column-gap-default\">\n\t\t\t\t\t<div class=\"elementor-column elementor-col-50 elementor-top-column elementor-element elementor-element-6e3214b\" data-id=\"6e3214b\" data-element_type=\"column\" data-e-type=\"column\">\n\t\t\t<div class=\"elementor-widget-wrap elementor-element-populated\">\n\t\t\t\t\t\t<div class=\"elementor-element elementor-element-9fcdf5c elementor-widget elementor-widget-henrik_core_custom_font\" data-id=\"9fcdf5c\" data-element_type=\"widget\" data-e-type=\"widget\" data-widget_type=\"henrik_core_custom_font.default\">\n\t\t\t\t<div class=\"elementor-widget-container\">\n\t\t\t\t\t<p class=\"qodef-shortcode qodef-m qodef-custom-font qodef-custom-font-725 qodef-layout--simple qodef-alignment--left qodef-borders--no\" style=\"font-family: inter;font-size: 77px;line-height: 80px;font-weight: 500;text-transform: uppercase\">Get in Touch<\/p>\n\t\t\t\t<\/div>\n\t\t\t\t<\/div>\n\t\t\t\t<div class=\"elementor-element elementor-element-fc65a1d elementor-widget__width-auto elementor-widget elementor-widget-text-editor\" data-id=\"fc65a1d\" data-element_type=\"widget\" data-e-type=\"widget\" data-widget_type=\"text-editor.default\">\n\t\t\t\t\t\t\t\t\t<p class=\"qodef-custom-paragraph-style\" style=\"margin: 20px 0 102px;\">Tellus integer feugiat scelerisque varius sit amet volutpat consequat mauris nunc congue nisi at ultrices mi tempus imperdiet nulla malesuada pellentesque netus.<\/p>\t\t\t\t\t\t\t\t<\/div>\n\t\t\t\t\t<\/div>\n\t\t<\/div>\n\t\t\t\t<div class=\"elementor-column elementor-col-50 elementor-top-column elementor-element elementor-element-7fad6c4\" data-id=\"7fad6c4\" data-element_type=\"column\" data-e-type=\"column\">\n\t\t\t<div class=\"elementor-widget-wrap\">\n\t\t\t\t\t\t\t<\/div>\n\t\t<\/div>\n\t\t\t\t\t<\/div>\n\t\t<\/section>\n\t\t\t\t<section class=\"elementor-section elementor-top-section elementor-element elementor-element-70d8195 elementor-section-full_width elementor-section-height-default elementor-section-height-default qodef-elementor-content-no\" data-id=\"70d8195\" data-element_type=\"section\" data-e-type=\"section\" data-settings=\"{&quot;background_background&quot;:&quot;classic&quot;}\">\n\t\t\t\t\t\t<div class=\"elementor-container elementor-column-gap-default\">\n\t\t\t\t\t<div class=\"elementor-column elementor-col-100 elementor-top-column elementor-element elementor-element-d2656aa\" data-id=\"d2656aa\" data-element_type=\"column\" data-e-type=\"column\" data-settings=\"{&quot;background_background&quot;:&quot;classic&quot;}\">\n\t\t\t<div class=\"elementor-widget-wrap elementor-element-populated\">\n\t\t\t\t\t\t<div class=\"elementor-element elementor-element-1f59cde elementor-widget elementor-widget-henrik_core_google_map\" data-id=\"1f59cde\" data-element_type=\"widget\" data-e-type=\"widget\" data-widget_type=\"henrik_core_google_map.default\">\n\t\t\t\t<div class=\"elementor-widget-container\">\n\t\t\t\t\t<div class=\"qodef-shortcode qodef-m qodef-google-map\">\n\t<div class=\"qodef-m-map\" id=\"qodef-map-id--166\" data-addresses='[\"42 B\u00f8rsgade Copenhagen CA 90291\"]' data-pin=https:\/\/sitespecific.it\/wp-content\/plugins\/henrik-core\/inc\/maps\/assets\/img\/pin.png data-unique-id=166 data-height=687px><\/div>\n<\/div>\n\t\t\t\t<\/div>\n\t\t\t\t<\/div>\n\t\t\t\t\t<\/div>\n\t\t<\/div>\n\t\t\t\t\t<\/div>\n\t\t<\/section>\n\t\t\t\t<section class=\"elementor-section elementor-top-section elementor-element elementor-element-96b59b9 elementor-section-full_width elementor-section-height-default elementor-section-height-default qodef-elementor-content-no\" data-id=\"96b59b9\" data-element_type=\"section\" data-e-type=\"section\">\n\t\t\t\t\t\t<div class=\"elementor-container elementor-column-gap-default\">\n\t\t\t\t\t<div class=\"elementor-column elementor-col-33 elementor-top-column elementor-element elementor-element-57b637f\" data-id=\"57b637f\" data-element_type=\"column\" data-e-type=\"column\">\n\t\t\t<div class=\"elementor-widget-wrap elementor-element-populated\">\n\t\t\t\t\t\t<div class=\"elementor-element elementor-element-9c11956 elementor-widget elementor-widget-henrik_core_custom_font\" data-id=\"9c11956\" data-element_type=\"widget\" data-e-type=\"widget\" data-widget_type=\"henrik_core_custom_font.default\">\n\t\t\t\t<div class=\"elementor-widget-container\">\n\t\t\t\t\t<p class=\"qodef-shortcode qodef-m qodef-custom-font qodef-custom-font-670 qodef-layout--simple qodef-alignment--left qodef-borders--no\" style=\"font-family: Inter;font-size: 37px;line-height: 46px;font-weight: 500;font-style: normal;text-transform: uppercase\">Write Us<\/p>\n\t\t\t\t<\/div>\n\t\t\t\t<\/div>\n\t\t\t\t<div class=\"elementor-element elementor-element-daead43 elementor-widget elementor-widget-wp-widget-henrik_core_contact_form_7\" data-id=\"daead43\" data-element_type=\"widget\" data-e-type=\"widget\" data-widget_type=\"wp-widget-henrik_core_contact_form_7.default\">\n\t\t\t\t<div class=\"elementor-widget-container\">\n\t\t\t\t\t\t\t\t<div class=\"qodef-contact-form-7\">\n\t\t\t\t<p class=\"wpcf7-contact-form-not-found\"><strong>Errore:<\/strong> Modulo di contatto non trovato.<\/p>\t\t\t<\/div>\n\t\t\t\t\t\t\t<\/div>\n\t\t\t\t<\/div>\n\t\t\t\t\t<\/div>\n\t\t<\/div>\n\t\t\t\t<div class=\"elementor-column elementor-col-33 elementor-top-column elementor-element elementor-element-9ece18c\" data-id=\"9ece18c\" data-element_type=\"column\" data-e-type=\"column\">\n\t\t\t<div class=\"elementor-widget-wrap elementor-element-populated\">\n\t\t\t\t\t\t<div class=\"elementor-element elementor-element-1d078d7 elementor-widget elementor-widget-henrik_core_custom_font\" data-id=\"1d078d7\" data-element_type=\"widget\" data-e-type=\"widget\" data-widget_type=\"henrik_core_custom_font.default\">\n\t\t\t\t<div class=\"elementor-widget-container\">\n\t\t\t\t\t<p class=\"qodef-shortcode qodef-m qodef-custom-font qodef-custom-font-957 qodef-layout--simple qodef-alignment--left qodef-borders--no\" style=\"font-family: Inter;font-size: 37px;line-height: 46px;font-weight: 500;text-transform: uppercase\">Our Adress<\/p>\n\t\t\t\t<\/div>\n\t\t\t\t<\/div>\n\t\t\t\t<div class=\"elementor-element elementor-element-7c7740a elementor-widget elementor-widget-henrik_core_icon_with_text\" data-id=\"7c7740a\" data-element_type=\"widget\" data-e-type=\"widget\" data-widget_type=\"henrik_core_icon_with_text.default\">\n\t\t\t\t<div class=\"elementor-widget-container\">\n\t\t\t\t\t<div class=\"qodef-shortcode qodef-m qodef-icon-with-text qodef-layout--before-content qodef--icon-pack\">\n\t<div class=\"qodef-m-icon-wrapper\">\n\t\t<span class=\"qodef-shortcode qodef-m qodef-icon-holder qodef-size--default qodef-layout--normal\"  >\t\t\t<span class=\"qodef-icon-shape-icons qodef-circle qodef-icon qodef-e\" style=\"\" ><\/span>\t<\/span>\t<\/div>\n\t<div class=\"qodef-m-content\">\n\t\t\t<h5 class=\"qodef-m-title\" style=\"margin-top: 3px\">\n\t\t\t\t\t<span class=\"qodef-m-title-text\">Redaction #1<\/span>\n\t\t\t<\/h5>\n\t\t\t<\/div>\n<\/div>\n\t\t\t\t<\/div>\n\t\t\t\t<\/div>\n\t\t\t\t<div class=\"elementor-element elementor-element-766313d elementor-widget__width-initial elementor-widget elementor-widget-henrik_core_icon_with_text\" data-id=\"766313d\" data-element_type=\"widget\" data-e-type=\"widget\" data-widget_type=\"henrik_core_icon_with_text.default\">\n\t\t\t\t<div class=\"elementor-widget-container\">\n\t\t\t\t\t<div class=\"qodef-shortcode qodef-m qodef-icon-with-text qodef-layout--before-content qodef--icon-pack\">\n\t<div class=\"qodef-m-icon-wrapper\">\n\t\t<span class=\"qodef-shortcode qodef-m qodef-icon-holder qodef-size--default qodef-layout--normal\"  >\t\t\t\t<\/span>\t<\/div>\n\t<div class=\"qodef-m-content\">\n\t\t\t\t\t<p class=\"qodef-m-text\" >42 B\u00f8rsgade\nCopenhagen CA 90291\n+1123456789\nhenrik@qode.com\n<\/p>\n\t<\/div>\n<\/div>\n\t\t\t\t<\/div>\n\t\t\t\t<\/div>\n\t\t\t\t<div class=\"elementor-element elementor-element-3b0f8c4 elementor-widget elementor-widget-henrik_core_icon_with_text\" data-id=\"3b0f8c4\" data-element_type=\"widget\" data-e-type=\"widget\" data-widget_type=\"henrik_core_icon_with_text.default\">\n\t\t\t\t<div class=\"elementor-widget-container\">\n\t\t\t\t\t<div class=\"qodef-shortcode qodef-m qodef-icon-with-text qodef-layout--before-content qodef--icon-pack\">\n\t<div class=\"qodef-m-icon-wrapper\">\n\t\t<span class=\"qodef-shortcode qodef-m qodef-icon-holder qodef-size--default qodef-layout--normal\"  >\t\t\t<span class=\"qodef-icon-shape-icons qodef-circle qodef-icon qodef-e\" style=\"\" ><\/span>\t<\/span>\t<\/div>\n\t<div class=\"qodef-m-content\">\n\t\t\t<h5 class=\"qodef-m-title\" style=\"margin-top: 3px\">\n\t\t\t\t\t<span class=\"qodef-m-title-text\">Redaction #2<\/span>\n\t\t\t<\/h5>\n\t\t\t<\/div>\n<\/div>\n\t\t\t\t<\/div>\n\t\t\t\t<\/div>\n\t\t\t\t<div class=\"elementor-element elementor-element-e667e94 elementor-widget__width-initial elementor-widget elementor-widget-henrik_core_icon_with_text\" data-id=\"e667e94\" data-element_type=\"widget\" data-e-type=\"widget\" data-widget_type=\"henrik_core_icon_with_text.default\">\n\t\t\t\t<div class=\"elementor-widget-container\">\n\t\t\t\t\t<div class=\"qodef-shortcode qodef-m qodef-icon-with-text qodef-layout--before-content qodef--icon-pack\">\n\t<div class=\"qodef-m-icon-wrapper\">\n\t\t<span class=\"qodef-shortcode qodef-m qodef-icon-holder qodef-size--default qodef-layout--normal\"  >\t\t\t\t<\/span>\t<\/div>\n\t<div class=\"qodef-m-content\">\n\t\t\t\t\t<p class=\"qodef-m-text\" >Kungstr\u00e4dg\u00e5rdsgatan 16\n11147 Stockholm\n(00) 207-582-4803\nhenrik@qode.com\n<\/p>\n\t<\/div>\n<\/div>\n\t\t\t\t<\/div>\n\t\t\t\t<\/div>\n\t\t\t\t\t<\/div>\n\t\t<\/div>\n\t\t\t\t<div class=\"elementor-column elementor-col-33 elementor-top-column elementor-element elementor-element-6a1574c\" data-id=\"6a1574c\" data-element_type=\"column\" data-e-type=\"column\">\n\t\t\t<div class=\"elementor-widget-wrap elementor-element-populated\">\n\t\t\t\t\t\t<div class=\"elementor-element elementor-element-a8ac5d4 elementor-widget elementor-widget-henrik_core_custom_font\" data-id=\"a8ac5d4\" data-element_type=\"widget\" data-e-type=\"widget\" data-widget_type=\"henrik_core_custom_font.default\">\n\t\t\t\t<div class=\"elementor-widget-container\">\n\t\t\t\t\t<p class=\"qodef-shortcode qodef-m qodef-custom-font qodef-custom-font-343 qodef-layout--simple qodef-alignment--left qodef-borders--no\" style=\"font-family: Inter;font-size: 37px;line-height: 46px;font-weight: 500;text-transform: uppercase\">Emails<\/p>\n\t\t\t\t<\/div>\n\t\t\t\t<\/div>\n\t\t\t\t<div class=\"elementor-element elementor-element-f7d5813 elementor-widget elementor-widget-henrik_core_icon_with_text\" data-id=\"f7d5813\" data-element_type=\"widget\" data-e-type=\"widget\" data-widget_type=\"henrik_core_icon_with_text.default\">\n\t\t\t\t<div class=\"elementor-widget-container\">\n\t\t\t\t\t<div class=\"qodef-shortcode qodef-m qodef-icon-with-text qodef-layout--before-content qodef--icon-pack\">\n\t<div class=\"qodef-m-icon-wrapper\">\n\t\t<span class=\"qodef-shortcode qodef-m qodef-icon-holder qodef-size--default qodef-layout--normal\"  >\t\t\t<span class=\"qodef-icon-shape-icons qodef-circle qodef-icon qodef-e\" style=\"\" ><\/span>\t<\/span>\t<\/div>\n\t<div class=\"qodef-m-content\">\n\t\t\t<h5 class=\"qodef-m-title\" style=\"margin-top: 3px\">\n\t\t\t\t\t<span class=\"qodef-m-title-text\">Enquires<\/span>\n\t\t\t<\/h5>\n\t\t\t<\/div>\n<\/div>\n\t\t\t\t<\/div>\n\t\t\t\t<\/div>\n\t\t\t\t<div class=\"elementor-element elementor-element-3b59641 elementor-widget elementor-widget-henrik_core_icon_with_text\" data-id=\"3b59641\" data-element_type=\"widget\" data-e-type=\"widget\" data-widget_type=\"henrik_core_icon_with_text.default\">\n\t\t\t\t<div class=\"elementor-widget-container\">\n\t\t\t\t\t<div class=\"qodef-shortcode qodef-m qodef-icon-with-text qodef-layout--before-content qodef--icon-pack\">\n\t<div class=\"qodef-m-icon-wrapper\">\n\t\t<span class=\"qodef-shortcode qodef-m qodef-icon-holder qodef-size--default qodef-layout--normal\"  >\t\t\t\t<\/span>\t<\/div>\n\t<div class=\"qodef-m-content\">\n\t\t\t\t\t<p class=\"qodef-m-text\" >henrik@qodeinteractive.com\nhenrik@qode.com henriktheme@qodeinteractive.com henrikmagazine@qode.com<\/p>\n\t<\/div>\n<\/div>\n\t\t\t\t<\/div>\n\t\t\t\t<\/div>\n\t\t\t\t<div class=\"elementor-element elementor-element-a5c8dc8 elementor-widget elementor-widget-henrik_core_icon_with_text\" data-id=\"a5c8dc8\" data-element_type=\"widget\" data-e-type=\"widget\" data-widget_type=\"henrik_core_icon_with_text.default\">\n\t\t\t\t<div class=\"elementor-widget-container\">\n\t\t\t\t\t<div class=\"qodef-shortcode qodef-m qodef-icon-with-text qodef-layout--before-content qodef--icon-pack\">\n\t<div class=\"qodef-m-icon-wrapper\">\n\t\t<span class=\"qodef-shortcode qodef-m qodef-icon-holder qodef-size--default qodef-layout--normal\"  >\t\t\t<span class=\"qodef-icon-shape-icons qodef-circle qodef-icon qodef-e\" style=\"\" ><\/span>\t<\/span>\t<\/div>\n\t<div class=\"qodef-m-content\">\n\t\t\t<h5 class=\"qodef-m-title\" style=\"margin-top: 3px\">\n\t\t\t\t\t<span class=\"qodef-m-title-text\">Advertising<\/span>\n\t\t\t<\/h5>\n\t\t\t<\/div>\n<\/div>\n\t\t\t\t<\/div>\n\t\t\t\t<\/div>\n\t\t\t\t<div class=\"elementor-element elementor-element-eb16f2d elementor-widget elementor-widget-henrik_core_icon_with_text\" data-id=\"eb16f2d\" data-element_type=\"widget\" data-e-type=\"widget\" data-widget_type=\"henrik_core_icon_with_text.default\">\n\t\t\t\t<div class=\"elementor-widget-container\">\n\t\t\t\t\t<div class=\"qodef-shortcode qodef-m qodef-icon-with-text qodef-layout--before-content qodef--icon-pack\">\n\t<div class=\"qodef-m-icon-wrapper\">\n\t\t<span class=\"qodef-shortcode qodef-m qodef-icon-holder qodef-size--default qodef-layout--normal\"  >\t\t\t\t<\/span>\t<\/div>\n\t<div class=\"qodef-m-content\">\n\t\t\t\t\t<p class=\"qodef-m-text\" >henrik@theme.com themehenrik@qodeinteractive.com\nhenrikmagazine@qode.com henrik@qode.com<\/p>\n\t<\/div>\n<\/div>\n\t\t\t\t<\/div>\n\t\t\t\t<\/div>\n\t\t\t\t\t<\/div>\n\t\t<\/div>\n\t\t\t\t\t<\/div>\n\t\t<\/section>\n\t\t\t\t<\/div>\n\t\t","protected":false},"excerpt":{"rendered":"<p>Get in Touch Tellus integer feugiat scelerisque varius sit amet volutpat consequat mauris nunc congue nisi at ultrices mi tempus imperdiet nulla malesuada pellentesque netus. Write Us Our Adress Redaction #1 42 B\u00f8rsgade Copenhagen CA 90291 +1123456789 henrik@qode.com Redaction #2 Kungstr\u00e4dg\u00e5rdsgatan 16 11147 Stockholm (00) 207-582-4803 henrik@qode.com Emails Enquires henrik@qodeinteractive.com henrik@qode.com henriktheme@qodeinteractive.com henrikmagazine@qode.com Advertising henrik@theme.com [&hellip;]<\/p>\n","protected":false},"author":1,"featured_media":0,"parent":0,"menu_order":0,"comment_status":"closed","ping_status":"closed","template":"page-full-width.php","meta":{"footnotes":""},"class_list":["post-4103","page","type-page","status-publish","hentry"],"_links":{"self":[{"href":"https:\/\/sitespecific.it\/index.php?rest_route=\/wp\/v2\/pages\/4103","targetHints":{"allow":["GET"]}}],"collection":[{"href":"https:\/\/sitespecific.it\/index.php?rest_route=\/wp\/v2\/pages"}],"about":[{"href":"https:\/\/sitespecific.it\/index.php?rest_route=\/wp\/v2\/types\/page"}],"author":[{"embeddable":true,"href":"https:\/\/sitespecific.it\/index.php?rest_route=\/wp\/v2\/users\/1"}],"replies":[{"embeddable":true,"href":"https:\/\/sitespecific.it\/index.php?rest_route=%2Fwp%2Fv2%2Fcomments&post=4103"}],"version-history":[{"count":1,"href":"https:\/\/sitespecific.it\/index.php?rest_route=\/wp\/v2\/pages\/4103\/revisions"}],"predecessor-version":[{"id":8727,"href":"https:\/\/sitespecific.it\/index.php?rest_route=\/wp\/v2\/pages\/4103\/revisions\/8727"}],"wp:attachment":[{"href":"https:\/\/sitespecific.it\/index.php?rest_route=%2Fwp%2Fv2%2Fmedia&parent=4103"}],"curies":[{"name":"wp","href":"https:\/\/api.w.org\/{rel}","templated":true}]}}